{"id":9,"date":"2018-05-25T08:39:58","date_gmt":"2018-05-25T08:39:58","guid":{"rendered":"http:\/\/mantis.la-studioweb.com\/?page_id=9"},"modified":"2018-11-19T05:53:08","modified_gmt":"2018-11-19T05:53:08","slug":"terms-conditions","status":"publish","type":"page","link":"https:\/\/www.olenagreen.com\/index.php\/terms-conditions\/","title":{"rendered":"Terms &#038; Conditions"},"content":{"rendered":"<h2><b>Disposizioni generali<\/b><\/h2>\n<p><span style=\"font-weight: 400;\">Le presenti condizioni sono valide esclusivamente tra la societ\u00e0 Bio-Care s.r.l., con sede legale in Viale Donato Bramante, 43 &#8211; 05100 Terni (Tr), P.IVA 01579860550, di seguito denominata &#8221;BIO-CARE&#8221; e qualsiasi persona che effettui acquisti online sul sito internet www.olenagreen.com di seguito denominata &#8221;CLIENTE&#8221;. Queste condizioni possono essere oggetto di modifiche e la data di pubblicazione delle stesse sul sito equivale alla data di entrata in vigore.<\/span><\/p>\n<p><span style=\"font-weight: 400;\">Le presenti condizioni disciplinano gli acquisti effettuati sul sito www.olenagreen.com, conformemente alle disposizioni della Parte III, Titolo III, Capo I, del Codice del Consumo, D.lgs. n. 206\/2005, modificato dal D.lgs. n. 21\/2014 e dal D.lgs. 70\/2003 in materia di commercio elettronico.<\/span><\/p>\n<h2><b>ARTICOLO 1 &#8211; Oggetto del contratto<\/b><\/h2>\n<p><span style=\"font-weight: 400;\">Con le presenti condizioni generali di vendita, BIO-CARE vende e il CLIENTE acquista a distanza i beni mobili materiali indicati ed offerti in vendita sul sito www.olenagreen.com. Il contratto si conclude esclusivamente attraverso la rete internet, mediante l&#8217;accesso del CLIENTE all&#8217;indirizzo www.olenagreen.com. e la realizzazione di un ordine di acquisto secondo la procedura prevista dal sito stesso.<\/span><\/p>\n<p><span style=\"font-weight: 400;\">Il cliente si impegna a prendere visione, prima di procedere alla conferma del proprio ordine, delle presenti condizioni generali di vendita, in particolare delle informazioni precontrattuali fornite da BIO-CARE e ad accettarle mediante l&#8217;apposizione di un flag nella casella indicata.<\/span><\/p>\n<p><span style=\"font-weight: 400;\">Nella e-mail di conferma dell&#8217;ordine, il CLIENTE ricever\u00e0 anche il link per scaricare ed archiviare una copia delle presenti condizioni generali di vendita, cos\u00ec come previsto dall&#8217;art. 51 comma 1 del D.Lgs 206\/2005, modificato dal D.lgs 21\/2014.<\/span><\/p>\n<h2><b>ARTICOLO 2 &#8211; Informazioni precontrattuali per il consumatore &#8211; art. 49 del D.lgs 206\/2005<\/b><\/h2>\n<p><span style=\"font-weight: 400;\">Il CLIENTE prima della conclusione del contratto di acquisto, prende visione delle caratteristiche dei beni che vengono illustrate nelle singole schede prodotto al momento della scelta da parte del CLIENTE.<\/span><\/p>\n<p><span style=\"font-weight: 400;\">Prima della convalida dell&#8217;ordine con \u201cobbligo di pagamento\u201d, il CLIENTE \u00e8 informato relativamente a: <\/span><span style=\"font-weight: 400;\"><br \/>\n<\/span><span style=\"font-weight: 400;\">&#8211; prezzo totale dei beni comprensivo delle imposte, con il dettaglio delle spese di spedizione e ogni altro costo; <\/span><span style=\"font-weight: 400;\"><br \/>\n<\/span><span style=\"font-weight: 400;\">&#8211; modalit\u00e0 di pagamento; <\/span><span style=\"font-weight: 400;\"><br \/>\n<\/span><span style=\"font-weight: 400;\">&#8211; il termine entro il quale BIO-CARE si impegna a consegnare la merce; <\/span><span style=\"font-weight: 400;\"><br \/>\n<\/span><span style=\"font-weight: 400;\">&#8211; condizioni, i termini e le procedure per esercitare il diritto di recesso (art. 6 delle presenti condizioni) nonch\u00e9 modulo tipo di recesso di cui all&#8217;allegato I, parte B del D.lgs 21\/2014; <\/span><span style=\"font-weight: 400;\"><br \/>\n<\/span><span style=\"font-weight: 400;\">&#8211; informazione che il CLIENTE dovr\u00e0 sostenere il costo della restituzione dei beni in caso di recesso; <\/span><span style=\"font-weight: 400;\"><br \/>\n<\/span><span style=\"font-weight: 400;\">&#8211; esistenza della garanzia legale di conformit\u00e0 per i beni acquistati; <\/span><span style=\"font-weight: 400;\"><br \/>\n<\/span><span style=\"font-weight: 400;\">&#8211; condizioni di assistenza post vendita e garanzie commerciali previste da BIO-CARE.<\/span><\/p>\n<p><span style=\"font-weight: 400;\">Il CLIENTE pu\u00f2 in qualsiasi momento e comunque prima della conclusione del contratto, prendere conoscenza delle informazioni relative a BIO-CARE, l&#8217;indirizzo geografico, numero di telefono, indirizzo di posta elettronica, informazioni che vengono riportate, anche di seguito:<\/span><span style=\"font-weight: 400;\"><br \/>\n<\/span><span style=\"font-weight: 400;\"><br \/>\n<\/span><b>Bio-Care<\/b><b><br \/>\n<\/b><b>sede legale Viale Donato Bramante, 43 &#8211; 05100 Terni (TR)<\/b><b><br \/>\n<\/b><b>tel. <\/b><b>0744 61221<\/b> <b><br \/>\n<\/b><b>www.olenagreen.com<\/b><\/p>\n<h2><b>ARTICOLO 3 &#8211; Conclusione ed efficacia del contratto<\/b><\/h2>\n<p><span style=\"font-weight: 400;\">Il contratto di vendita \u00e8 considerato concluso con l&#8217;invio da parte di BIO-CARE al CLIENTE di un&#8217;e-mail di conferma dell&#8217;ordine. L&#8217;e-mail contiene i dati del CLIENTE e il numero d&#8217;ordine, il prezzo della merce acquistata, le spese di spedizione e l&#8217;indirizzo di consegna al quale sar\u00e0 inviata la merce e il link per poter stampare e archiviare la copia delle presenti condizioni.<\/span><\/p>\n<p><span style=\"font-weight: 400;\">Il CLIENTE si impegna a verificare la correttezza dei dati personali contenuti nella mail di cui sopra e a comunicare tempestivamente a Bio-Care eventuali correzioni\/modifiche da apportare.<\/span><\/p>\n<p><span style=\"font-weight: 400;\">BIO-CARE si impegna a descrivere e presentare gli articoli venduti sul sito nel miglior modo possibile. Ciononostante potrebbero evidenziarsi alcuni errori, imprecisioni o piccole differenze tra il prodotto raffigurato nel sito ed il prodotto reale. Inoltre le fotografie dei prodotti presentati su www.olenagreen.com non costituiscono elemento contrattuale, in quanto da considerarsi solo rappresentative.<\/span><\/p>\n<p><span style=\"font-weight: 400;\">BIO-CARE si impegna a consegnare la merce entro 48 ore decorrenti dell&#8217;invio da parte di BIO-CARE stessa dell&#8217;e-mail di conferma d&#8217;ordine al CLIENTE.<\/span><\/p>\n<h2><b>ARTICOLO 4 &#8211; Disponibilit\u00e0 dei prodotti<\/b><\/h2>\n<p><span style=\"font-weight: 400;\">La disponibilit\u00e0 dei prodotti si riferisce alla disponibilit\u00e0 effettiva nel momento in cui il CLIENTE effettua l&#8217;ordine. Tale disponibilit\u00e0 deve comunque essere considerata puramente indicativa in quanto:<\/span><\/p>\n<p><span style=\"font-weight: 400;\">&#8211; i prodotti potrebbero essere venduti ad alti CLIENTI prima della conferma dell&#8217;ordine, per effetto della contemporanea presenza sul sito di pi\u00f9 utenti,<\/span><\/p>\n<p><span style=\"font-weight: 400;\">&#8211; potrebbe verificarsi un&#8217;anomalia informatica tale da rendere disponibile all&#8217;acquisto un prodotto che in realt\u00e0 non lo \u00e8.<\/span><\/p>\n<p><span style=\"font-weight: 400;\">Anche in seguito all&#8217;invio dell&#8217;e-mail di conferma dell&#8217;ordine inviata da BIO-CARE, potrebbero verificarsi casi di indisponibilit\u00e0 parziale o totale della merce. In questa eventualit\u00e0, l&#8217;ordine verr\u00e0 rettificato automaticamente con l&#8217;eliminazione del prodotto o dei prodotti non disponibili e il CLIENTE verr\u00e0 immediatamente informato via e-mail; con tale e-mail il cliente verr\u00e0 altres\u00ec informato delle modalit\u00e0 e delle tempistiche di rimborso delle somme eventualmente versate<\/span><\/p>\n<p>&nbsp;<\/p>\n<h2><b>ARTICOLO 5 &#8211; Modalit\u00e0 di pagamento<\/b><\/h2>\n<p><span style=\"font-weight: 400;\">Ogni pagamento da parte del CLIENTE potr\u00e0 avvenire unicamente per mezzo delle carte di credito indicate sul sito www.olenagreen.com, con bonifico bancario, con metodo di pagamento Paypal<\/span><\/p>\n<p><span style=\"font-weight: 400;\">In caso di pagamento con carta di credito, l&#8217;effettivo addebito dell&#8217;importo dell&#8217;ordine avverr\u00e0 soltanto nel momento in cui l&#8217;ordine sar\u00e0 completo e pronto per la spedizione.<\/span><\/p>\n<p><span style=\"font-weight: 400;\">In caso di pagamento con Paypal, l&#8217;effettivo addebito avverr\u00e0 al momento dell&#8217;invio da parte di Bio-Care dell&#8217;e-mail di conferma ordine.<\/span><\/p>\n<p><span style=\"font-weight: 400;\">Le comunicazioni relative al pagamento e i dati comunicati dal CLIENTE nel momento in cui questo viene effettuato avvengono su apposite linee protette. La sicurezza del pagamento con Carta di Credito \u00e8 garantita tramite certificazione VBV ( Verified by VISA) e SCM ( Security Code Mastercard ).<\/span><\/p>\n<h2><b>ARTICOLO 6 &#8211; Prezzi<\/b><\/h2>\n<p><span style=\"font-weight: 400;\">Tutti i prezzi di vendita dei prodotti indicati sul sito www.olenagreen.com sono espressi in Euro e sono comprensivi di IVA.<\/span><\/p>\n<p><span style=\"font-weight: 400;\">I costi di spedizione non sono compresi nel prezzo d&#8217;acquisto, ma sono indicati e calcolati al momento della conclusione del processo di acquisto prima dell&#8217;effettuazione del pagamento.<\/span><\/p>\n<p><span style=\"font-weight: 400;\">Il CLIENTE accetta la facolt\u00e0 di BIO-CARE di modificare i suoi prezzi in qualsiasi momento, tuttavia la merce sar\u00e0 fatturata sulla base dei prezzi indicati sul sito al momento della creazione dell&#8217;ordine e indicati nell&#8217;e-mail di conferma inviata da BIO-CARE al CLIENTE.<\/span><\/p>\n<p><span style=\"font-weight: 400;\">In caso di errore informatico, manuale, tecnico, o di qualsiasi altra natura che possa comportare un cambiamento sostanziale, non previsto da BIO-CARE, del prezzo di vendita al pubblico, che lo renda esorbitante o chiaramente irrisorio, l\u2019ordine d\u2019acquisto sar\u00e0 considerato non valido e annullato e l\u2019importo versato dal CLIENTE sar\u00e0 rimborsato entro 14 gg. dal giorno dell&#8217;annullamento.<\/span><\/p>\n<h2><b>ARTICOLO 7 &#8211; Diritto di recesso<\/b><\/h2>\n<p><span style=\"font-weight: 400;\">Conformemente alle disposizioni legali in vigore, il CLIENTE ha diritto di recedere dall&#8217;acquisto senza alcuna penalit\u00e0 e senza specificarne il motivo, entro il termine di 14 giorni decorrenti dalla data di ricezione dei prodotti.<\/span><\/p>\n<p><span style=\"font-weight: 400;\">Il CLIENTE che intende esercitare il diritto di recesso dovr\u00e0 comunicarlo a BIO-CARE tramite dichiarazione esplicita, che potr\u00e0 essere trasmessa a mezzo raccomandata a.r. oppure accedendo alla sezione &#8220;I miei ordini&#8221; dello spazio &#8220;Il mio account BIO-CARE &#8221; sul sito www.olenagreen.com, con la creazione di una pratica informatica di Reso.<\/span><\/p>\n<p><span style=\"font-weight: 400;\">Il CLIENTE potr\u00e0 esercitare il diritto di recesso anche inviando una qualsiasi dichiarazione esplicita contenente la decisione di recedere dal contratto oppure alternativamente trasmettere il modulo di recesso tipo, di cui all&#8217;Allegato I, parte B , D.Lgs 21\/2014 (non obbligatorio) il cui testo viene di seguito riportato: <\/span><\/p>\n<p><b>Modulo di recesso tipo ai sensi dell\u2019art. 49, comma 1, lett. h)<\/b><span style=\"font-weight: 400;\"><br \/>\n<\/span><span style=\"font-weight: 400;\">(compilare e restituire il presente modulo solo se si desidera recedere dal contratto)<\/span><span style=\"font-weight: 400;\"><br \/>\n<\/span><span style=\"font-weight: 400;\">Bio-Care s.r.l. con sede legale in Viale Donato Bramante, 43 &#8211; 05100 Terni (Tr),<\/span><span style=\"font-weight: 400;\"><br \/>\n<\/span><span style=\"font-weight: 400;\">Con la presente io\/noi (*) notifico\/notifichiamo (*) il recesso dal mio\/nostro (*) contratto di vendita dei seguenti beni\/servizi (*)<\/span><span style=\"font-weight: 400;\"><br \/>\n<\/span><span style=\"font-weight: 400;\"><br \/>\n<\/span><span style=\"font-weight: 400;\">&#8211; Ordinato il (*)\/ricevuto il (*)<\/span><span style=\"font-weight: 400;\"><br \/>\n<\/span><span style=\"font-weight: 400;\"><br \/>\n<\/span><span style=\"font-weight: 400;\">&#8211; Nome del\/dei consumatore(i)<\/span><span style=\"font-weight: 400;\"><br \/>\n<\/span><span style=\"font-weight: 400;\"><br \/>\n<\/span><span style=\"font-weight: 400;\">-Indirizzo del\/dei consumatore(i)<\/span><\/p>\n<p><span style=\"font-weight: 400;\">&#8211; Firma del\/dei consumatore(i) (solo se il presente modulo \u00e8 inviato in versione cartacea)<\/span><span style=\"font-weight: 400;\"><br \/>\n<\/span><span style=\"font-weight: 400;\"><br \/>\n<\/span><span style=\"font-weight: 400;\">&#8211; Data<\/span><span style=\"font-weight: 400;\"><br \/>\n<\/span><span style=\"font-weight: 400;\"><br \/>\n<\/span><span style=\"font-weight: 400;\">(*) Cancellare la dicitura non utilizzata.<\/span><\/p>\n<p><span style=\"font-weight: 400;\">In caso di esercizio del diritto di recesso, il CLIENTE \u00e8 tenuto a restituire i beni entro 14 giorni dal giorno in cui ha comunicato BIO-CARE la propria volont\u00e0 di recedere dal contratto ai sensi dell&#8217;art. 57 del D.lgs 206\/2005.<\/span><\/p>\n<p><span style=\"font-weight: 400;\">La merce dovr\u00e0 essere rispedita a BIO-CARE s.r.l., presso Strada delle Campore 13, Terni (TR)<\/span><\/p>\n<p><span style=\"font-weight: 400;\">La merce dovr\u00e0 essere restituita integra, nella confezione originale, completa in tutte le sue parti (compresi imballo ed eventuale documentazione) e completo della documentazione fiscale annessa. Fatta salva la facolt\u00e0 di verificare il rispetto di quanto sopra, BIO-CARE provveder\u00e0 a rimborsare l&#8217;importo dei prodotti oggetto del recesso entro un termine massimo di 14 giorni.<\/span><\/p>\n<p><span style=\"font-weight: 400;\">Per quanto riguarda la restituzione del prodotto oggetto di recesso, BIO-CARE assicura ai propri clienti la possibilit\u00e0 di avvalersi di un vettore convenzionato con la medesima. Nel caso in cui il cliente decida di utilizzare tale servizio, i costi di spedizione (eccettuati quelli inerenti la prenotazione telefonica) saranno sostenuti da BIO-CARE (art. 56 co.1 dlgs 206\/2005). Nel caso invece in cui il cliente intenda servirsi di un altro vettore o di un altro mezzo di spedizione, tutti i costi di saranno a suo carico (art 56 co. 2 dlgs 206\/2005).<\/span><\/p>\n<p><span style=\"font-weight: 400;\">\u0400 concessa altres\u00ec facolt\u00e0 al cliente di restituire il prodotto acquistato on line presso BIO-CARE s.r.l., Strada delle Campore 13, Terni (TR). In questo caso, non \u00e8 necessaria la creazione della pratica di reso on line e tutti i costi inerenti la restituzione rimarranno a carico del cliente (es: benzina, ecc.). Inoltre, in caso di restituzione presso BIO-CARE s.r.l., Strada delle Campore 13, Terni (TR), il cliente non potr\u00e0 avvalersi del vettore convenzionato con BIO-CARE*.<\/span><\/p>\n<p><span style=\"font-weight: 400;\">Come previsto dall&#8217;art. 56 comma 3 del D.Lgs 206\/2005, modificato dal D.lgs 21\/2014, BIO-CARE pu\u00f2 sospendere il rimborso fino al ricevimento dei beni oppure fino all&#8217;avvenuta dimostrazione da parte del CLIENTE di aver rispedito i beni a BIO-CARE.<\/span><\/p>\n<p><span style=\"font-weight: 400;\">BIO-CARE eseguir\u00e0 il rimborso utilizzando lo stesso mezzo di pagamento scelto dal CLIENTE in fase di acquisto. Nel caso di pagamento effettuato con bonifico, e qualora il CLIENTE intenda esercitare il proprio diritto di recesso, dovr\u00e0 fornire a BIO-CARE, accedendo alla sezione contattaci, le coordinate bancarie: IBAN, SWIFT e BIC necessari all&#8217;effettuazione del rimborso, da parte di BIO-CARE.<\/span><\/p>\n<p><span style=\"font-weight: 400;\">*Resta inteso che in caso di difetto del prodotto i costi di spedizione saranno in ogni caso sostenuti da BIO-CARE.<\/span><\/p>\n<h2><b>ARTICOLO 8 &#8211; Garanzia legale di conformit\u00e0<\/b><\/h2>\n<p><span style=\"font-weight: 400;\">In caso di ricezione di prodotti difettosi o comunque non conformi agli ordini effettuati, il CLIENTE ha diritto al ripristino senza spese della conformit\u00e0 del prodotto mediante sostituzione del prodotto. Il CLIENTE pu\u00f2 esercitare tale diritto se il difetto si manifesta entro il termine di due anni dalla consegna del bene e denuncia il difetto a BIO-CARE entro due mesi dalla scoperta.<\/span><\/p>\n<p><span style=\"font-weight: 400;\">Al fine di esercitare il diritto di cui sopra, il cliente dovr\u00e0 procedere alla creazione di una pratica informatica di Reso accedendo alla sezione &#8220;I miei ordini&#8221; sul sito www.olenagreen.com<\/span><\/p>\n<p><span style=\"font-weight: 400;\">BIO-CARE, in caso di prodotto difettoso o non conforme, provveder\u00e0, a proprie spese, ad organizzare il ritiro del prodotto, compatibilmente con la disponibilit\u00e0 del CLIENTE.<\/span><\/p>\n<h2><b>ARTICOLO 9 &#8211; Garanzia commerciale<\/b><\/h2>\n<p><span style=\"font-weight: 400;\">Tutti i prodotti presentati sul sito www.olenagreen.com beneficiano, oltre che della garanzia legale di conformit\u00e0 di cui al precedente articolo, di una garanzia commerciale la cui durata \u00e8 citata sulle schede prodotto degli articoli.<\/span><\/p>\n<p><span style=\"font-weight: 400;\">Per fruire dell&#8217;assistenza in garanzia, il CLIENTE dovr\u00e0 conservare la fattura che potr\u00e0 stampare accedendo sezione &#8220;I miei ordini&#8221; dello spazio &#8220;Il mio conto On line&#8221;.<\/span><\/p>\n<h2><b>ARTICOLO 10 &#8211; Modalit\u00e0 di consegna<\/b><\/h2>\n<p><span style=\"font-weight: 400;\">BIO-CARE accetter\u00e0 solo ordini da consegnare nel territorio italiano e nella Repubblica di San Marino. I prodotti saranno consegnati tramite corriere espresso all&#8217;indirizzo indicato dal CLIENTE al momento dell&#8217;ordine entro e non oltre 30 gg. dalla data di ricezione da parte del CLIENTE dell&#8217;e-mail di conferma ordine inviata da BIO-CARE.<\/span><\/p>\n<p><span style=\"font-weight: 400;\">Per ogni ordine effettuato sul sito www.olenagreen.com, BIO-CARE emette fattura della merce spedita. La fattura \u00e8 disponibile e stampabile, successivamente all&#8217;evasione dell&#8217;ordine, nella sezione &#8220;I miei ordini&#8221; dello spazio &#8220;Il mio account BIO-CARE &#8221; del CLIENTE. La fattura conterr\u00e0 le informazioni fornite dal CLIENTE durante la procedura di acquisto. Dopo l&#8217;emissione della fattura, non sar\u00e0 possibile apportare alcuna modifica ai dati indicati nella stessa.<\/span><\/p>\n<h2><b>ARTICOLO 11 &#8211; Responsabilit\u00e0<\/b><\/h2>\n<p><span style=\"font-weight: 400;\">BIO-CARE non assume alcuna responsabilit\u00e0 per disservizi imputabili a causa di forza maggiore o caso fortuito, anche ove dipendenti da malfunzionamenti e disservizi della rete internet, nel caso in cui non riesca a dare esecuzione all&#8217;ordine nei tempi previsti dal contratto.<\/span><\/p>\n<h2><b>ARTICOLO 12 &#8211; Accesso al sito<\/b><\/h2>\n<p><span style=\"font-weight: 400;\">Il CLIENTE ha diritto di accedere al sito per la consultazione e l&#8217;effettuazione degli acquisti. Non \u00e8 consentito alcun altro utilizzo, in particolare commerciale, del sito o del suo contenuto. L&#8217;integrit\u00e0 degli elementi di questo sito, che siano sonori o visivi, e la relativa tecnologia utilizzata rimangono di propriet\u00e0 di BIO-CARE e sono protetti dal diritto di propriet\u00e0 intellettuale.<\/span><\/p>\n<h2><b>ARTICOLO 13 &#8211; Cookies<\/b><\/h2>\n<p><span style=\"font-weight: 400;\">Il sito web www.olenagreen.com utilizza i &#8221;cookies&#8221;. I cookies sono file elettronici che registrano informazioni relative alla navigazione del CLIENTE nel sito (pagine consultate, data ed ora della consultazione, ecc..) e che permettono a BIO-CARE di offrire un servizio personalizzato ai propri clienti.<\/span><\/p>\n<p><span style=\"font-weight: 400;\">BIO-CARE informa il Cliente della possibilit\u00e0 di disattivare la creazione di tali file, accedendo al proprio menu di configurazione Internet. Resta inteso che questo impedir\u00e0 al Cliente di procedere all&#8217; acquisto on line.<\/span><\/p>\n<h2><b>ARTICOLO 14 &#8211; Integralit\u00e0<\/b><\/h2>\n<p><span style=\"font-weight: 400;\">Le presenti Condizioni Generali di Vendita sono costituite dalla totalit\u00e0 delle clausole che le compongono. Se una o pi\u00f9 disposizioni delle presenti Condizioni Generali di Vendita \u00e8 considerata non valida o dichiarata tale ai sensi della legge, della regolamentazione o in seguito a una decisione da parte di un tribunale avente giurisdizione, le altre disposizioni continueranno ad avere pieno vigore ed efficacia.<\/span><\/p>\n<h2><b>ARTICOLO 15 &#8211; Legge applicabile e Foro competente<\/b><\/h2>\n<p><span style=\"font-weight: 400;\">Le presenti Condizioni Generali di Vendita sono sottoposte alla legge italiana.<\/span><\/p>\n<p><span style=\"font-weight: 400;\">Ogni controversia che non trova soluzione amichevole sar\u00e0 sottoposta alla competenza esclusiva del <\/span><\/p>\n<p><span style=\"font-weight: 400;\">Tribunale del luogo di residenza o di domicilio del CLIENTE, se ubicati nel territorio dello Stato.<\/span><\/p>\n","protected":false},"excerpt":{"rendered":"<p>Disposizioni generali Le presenti condizioni sono valide esclusivamente tra la societ\u00e0 Bio-Care s.r.l., con sede legale in Viale Donato Bramante, 43 &#8211; 05100 Terni (Tr), P.IVA 01579860550, di seguito denominata&hellip;<\/p>\n","protected":false},"author":1,"featured_media":0,"parent":0,"menu_order":0,"comment_status":"closed","ping_status":"closed","template":"","meta":{"footnotes":""},"class_list":["post-9","page","type-page","status-publish","hentry"],"yoast_head":"<!-- This site is optimized with the Yoast SEO plugin v24.2 - https:\/\/yoast.com\/wordpress\/plugins\/seo\/ -->\n<title>Terms &amp; Conditions - Olena Green 100% Made in Umbria<\/title>\n<meta name=\"robots\" content=\"index, follow, max-snippet:-1, max-image-preview:large, max-video-preview:-1\" \/>\n<link rel=\"canonical\" href=\"https:\/\/www.olenagreen.com\/index.php\/terms-conditions\/\" \/>\n<meta property=\"og:locale\" content=\"it_IT\" \/>\n<meta property=\"og:type\" content=\"article\" \/>\n<meta property=\"og:title\" content=\"Terms &amp; Conditions - Olena Green 100% Made in Umbria\" \/>\n<meta property=\"og:description\" content=\"Disposizioni generali Le presenti condizioni sono valide esclusivamente tra la societ\u00e0 Bio-Care s.r.l., con sede legale in Viale Donato Bramante, 43 &#8211; 05100 Terni (Tr), P.IVA 01579860550, di seguito denominata&hellip;\" \/>\n<meta property=\"og:url\" content=\"https:\/\/www.olenagreen.com\/index.php\/terms-conditions\/\" \/>\n<meta property=\"og:site_name\" content=\"Olena Green\" \/>\n<meta property=\"article:publisher\" content=\"https:\/\/it-it.facebook.com\/lineaolenagreen\/\" \/>\n<meta property=\"article:modified_time\" content=\"2018-11-19T05:53:08+00:00\" \/>\n<meta name=\"twitter:card\" content=\"summary_large_image\" \/>\n<meta name=\"twitter:label1\" content=\"Tempo di lettura stimato\" \/>\n\t<meta name=\"twitter:data1\" content=\"11 minuti\" \/>\n<!-- \/ Yoast SEO plugin. -->","yoast_head_json":{"title":"Terms & Conditions - Olena Green 100% Made in Umbria","robots":{"index":"index","follow":"follow","max-snippet":"max-snippet:-1","max-image-preview":"max-image-preview:large","max-video-preview":"max-video-preview:-1"},"canonical":"https:\/\/www.olenagreen.com\/index.php\/terms-conditions\/","og_locale":"it_IT","og_type":"article","og_title":"Terms & Conditions - Olena Green 100% Made in Umbria","og_description":"Disposizioni generali Le presenti condizioni sono valide esclusivamente tra la societ\u00e0 Bio-Care s.r.l., con sede legale in Viale Donato Bramante, 43 &#8211; 05100 Terni (Tr), P.IVA 01579860550, di seguito denominata&hellip;","og_url":"https:\/\/www.olenagreen.com\/index.php\/terms-conditions\/","og_site_name":"Olena Green","article_publisher":"https:\/\/it-it.facebook.com\/lineaolenagreen\/","article_modified_time":"2018-11-19T05:53:08+00:00","twitter_card":"summary_large_image","twitter_misc":{"Tempo di lettura stimato":"11 minuti"},"schema":{"@context":"https:\/\/schema.org","@graph":[{"@type":"WebPage","@id":"https:\/\/www.olenagreen.com\/index.php\/terms-conditions\/","url":"https:\/\/www.olenagreen.com\/index.php\/terms-conditions\/","name":"Terms & Conditions - Olena Green 100% Made in Umbria","isPartOf":{"@id":"https:\/\/www.olenagreen.com\/#website"},"datePublished":"2018-05-25T08:39:58+00:00","dateModified":"2018-11-19T05:53:08+00:00","breadcrumb":{"@id":"https:\/\/www.olenagreen.com\/index.php\/terms-conditions\/#breadcrumb"},"inLanguage":"it-IT","potentialAction":[{"@type":"ReadAction","target":["https:\/\/www.olenagreen.com\/index.php\/terms-conditions\/"]}]},{"@type":"BreadcrumbList","@id":"https:\/\/www.olenagreen.com\/index.php\/terms-conditions\/#breadcrumb","itemListElement":[{"@type":"ListItem","position":1,"name":"Home","item":"https:\/\/www.olenagreen.com\/"},{"@type":"ListItem","position":2,"name":"Terms &#038; Conditions"}]},{"@type":"WebSite","@id":"https:\/\/www.olenagreen.com\/#website","url":"https:\/\/www.olenagreen.com\/","name":"Olena Green","description":"100% Made in Umbria","potentialAction":[{"@type":"SearchAction","target":{"@type":"EntryPoint","urlTemplate":"https:\/\/www.olenagreen.com\/?s={search_term_string}"},"query-input":{"@type":"PropertyValueSpecification","valueRequired":true,"valueName":"search_term_string"}}],"inLanguage":"it-IT"}]}},"_links":{"self":[{"href":"https:\/\/www.olenagreen.com\/index.php\/wp-json\/wp\/v2\/pages\/9","targetHints":{"allow":["GET"]}}],"collection":[{"href":"https:\/\/www.olenagreen.com\/index.php\/wp-json\/wp\/v2\/pages"}],"about":[{"href":"https:\/\/www.olenagreen.com\/index.php\/wp-json\/wp\/v2\/types\/page"}],"author":[{"embeddable":true,"href":"https:\/\/www.olenagreen.com\/index.php\/wp-json\/wp\/v2\/users\/1"}],"replies":[{"embeddable":true,"href":"https:\/\/www.olenagreen.com\/index.php\/wp-json\/wp\/v2\/comments?post=9"}],"version-history":[{"count":3,"href":"https:\/\/www.olenagreen.com\/index.php\/wp-json\/wp\/v2\/pages\/9\/revisions"}],"predecessor-version":[{"id":1033,"href":"https:\/\/www.olenagreen.com\/index.php\/wp-json\/wp\/v2\/pages\/9\/revisions\/1033"}],"wp:attachment":[{"href":"https:\/\/www.olenagreen.com\/index.php\/wp-json\/wp\/v2\/media?parent=9"}],"curies":[{"name":"wp","href":"https:\/\/api.w.org\/{rel}","templated":true}]}}