{"id":3,"date":"2018-10-19T10:53:26","date_gmt":"2018-10-19T10:53:26","guid":{"rendered":"http:\/\/olenagreen.com\/?page_id=3"},"modified":"2018-11-19T05:58:39","modified_gmt":"2018-11-19T05:58:39","slug":"faq","status":"publish","type":"page","link":"https:\/\/www.olenagreen.com\/index.php\/faq\/","title":{"rendered":"Faq"},"content":{"rendered":"<div class=\"wpb-content-wrapper\"><p>[vc_row][vc_column][vc_toggle title=&#8221;Posso usare Olena green crema anche se ho la pelle del viso infiammata?&#8221; size=&#8221;sm&#8221;]Si, il principio attivo contenuto nella crema Olena green (Poli4liquid, un estratto ricco in Polifenoli dell\u2019ulivo) \u00e8 un antinfiammatorio naturale perfetto per la pelle arrossata.[\/vc_toggle][vc_toggle title=&#8221;Posso usare la crema Olena green corpo anche come doposole?&#8221;]Certamente \u00e8 particolarmente adatta come crema doposole grazie alla presenza di Verbascoside ed alle sue propriet\u00e0 antinfiammatorie e idratanti.[\/vc_toggle][vc_toggle title=&#8221;Su quali aree del viso posso utilizzare il siero per avere i migliori risultati?&#8221;]Il siero Olena green pu\u00f2 essere utilizzato su tutto il viso, in modo particolare sul contorno occhi e nel contorno labbra dove si formano le prime rughe sottili.[\/vc_toggle][vc_toggle title=&#8221;Posso utilizzare il siero Olena green come base per il trucco?&#8221;]S\u00ec, il siero Olena green \u00e8 ottimo come base del trucco grazie alla sua alta assorbibilit\u00e0.[\/vc_toggle][vc_toggle title=&#8221;Come posso conservare al meglio i prodotti BIO-CARE se non contengono conservanti chimici?&#8221;]Basta osservare delle regole molto semplici: richiudere accuratamente le confezioni dopo l&#8217;impiego e conservarle al riparo della luce diretta e lontano da fonti di calore, evitare ambienti molto umidi e, infine tenere presente il periodo di conservazione riportato sul simbolo del vasetto aperto (PAO) che indica per quanti mesi dopo l\u2019apertura il prodotto mantiene le sue caratteristiche di funzionalit\u00e0 e di sicurezza.[\/vc_toggle][vc_toggle title=&#8221;Fate test su animali?&#8221;]No, la produzione e la lavorazione delle nostre creme e del nostro siero avvengono in Umbria, all&#8217;interno della Comunit\u00e0 Europea dove \u00e8 vietato testare cosmetici sugli animali.[\/vc_toggle][vc_toggle title=&#8221;La profumazione dei vostri prodotti contiene allergeni?&#8221;]No, per ridurre l\u2019insorgenza di reazioni allergiche, abbiamo deciso di impiegare una fragranza priva di allergeni.[\/vc_toggle][\/vc_column][\/vc_row]<\/p>\n<\/div>","protected":false},"excerpt":{"rendered":"<p>[vc_row][vc_column][vc_toggle title=&#8221;Posso usare Olena green crema anche se ho la pelle del viso infiammata?&#8221; size=&#8221;sm&#8221;]Si, il principio attivo contenuto nella crema Olena green (Poli4liquid, un estratto ricco in Polifenoli dell\u2019ulivo)&hellip;<\/p>\n","protected":false},"author":1,"featured_media":0,"parent":0,"menu_order":0,"comment_status":"closed","ping_status":"open","template":"","meta":{"footnotes":""},"class_list":["post-3","page","type-page","status-publish","hentry"],"yoast_head":"<!-- This site is optimized with the Yoast SEO plugin v24.2 - https:\/\/yoast.com\/wordpress\/plugins\/seo\/ -->\n<title>Faq - Olena Green 100% Made in Umbria<\/title>\n<meta name=\"robots\" content=\"index, follow, max-snippet:-1, max-image-preview:large, max-video-preview:-1\" \/>\n<link rel=\"canonical\" href=\"https:\/\/www.olenagreen.com\/index.php\/faq\/\" \/>\n<meta property=\"og:locale\" content=\"it_IT\" \/>\n<meta property=\"og:type\" content=\"article\" \/>\n<meta property=\"og:title\" content=\"Faq - Olena Green 100% Made in Umbria\" \/>\n<meta property=\"og:description\" content=\"[vc_row][vc_column][vc_toggle title=&#8221;Posso usare Olena green crema anche se ho la pelle del viso infiammata?&#8221; size=&#8221;sm&#8221;]Si, il principio attivo contenuto nella crema Olena green (Poli4liquid, un estratto ricco in Polifenoli dell\u2019ulivo)&hellip;\" \/>\n<meta property=\"og:url\" content=\"https:\/\/www.olenagreen.com\/index.php\/faq\/\" \/>\n<meta property=\"og:site_name\" content=\"Olena Green\" \/>\n<meta property=\"article:publisher\" content=\"https:\/\/it-it.facebook.com\/lineaolenagreen\/\" \/>\n<meta property=\"article:modified_time\" content=\"2018-11-19T05:58:39+00:00\" \/>\n<meta name=\"twitter:card\" content=\"summary_large_image\" \/>\n<meta name=\"twitter:label1\" content=\"Tempo di lettura stimato\" \/>\n\t<meta name=\"twitter:data1\" content=\"2 minuti\" \/>\n<!-- \/ Yoast SEO plugin. -->","yoast_head_json":{"title":"Faq - Olena Green 100% Made in Umbria","robots":{"index":"index","follow":"follow","max-snippet":"max-snippet:-1","max-image-preview":"max-image-preview:large","max-video-preview":"max-video-preview:-1"},"canonical":"https:\/\/www.olenagreen.com\/index.php\/faq\/","og_locale":"it_IT","og_type":"article","og_title":"Faq - Olena Green 100% Made in Umbria","og_description":"[vc_row][vc_column][vc_toggle title=&#8221;Posso usare Olena green crema anche se ho la pelle del viso infiammata?&#8221; size=&#8221;sm&#8221;]Si, il principio attivo contenuto nella crema Olena green (Poli4liquid, un estratto ricco in Polifenoli dell\u2019ulivo)&hellip;","og_url":"https:\/\/www.olenagreen.com\/index.php\/faq\/","og_site_name":"Olena Green","article_publisher":"https:\/\/it-it.facebook.com\/lineaolenagreen\/","article_modified_time":"2018-11-19T05:58:39+00:00","twitter_card":"summary_large_image","twitter_misc":{"Tempo di lettura stimato":"2 minuti"},"schema":{"@context":"https:\/\/schema.org","@graph":[{"@type":"WebPage","@id":"https:\/\/www.olenagreen.com\/index.php\/faq\/","url":"https:\/\/www.olenagreen.com\/index.php\/faq\/","name":"Faq - Olena Green 100% Made in Umbria","isPartOf":{"@id":"https:\/\/www.olenagreen.com\/#website"},"datePublished":"2018-10-19T10:53:26+00:00","dateModified":"2018-11-19T05:58:39+00:00","breadcrumb":{"@id":"https:\/\/www.olenagreen.com\/index.php\/faq\/#breadcrumb"},"inLanguage":"it-IT","potentialAction":[{"@type":"ReadAction","target":["https:\/\/www.olenagreen.com\/index.php\/faq\/"]}]},{"@type":"BreadcrumbList","@id":"https:\/\/www.olenagreen.com\/index.php\/faq\/#breadcrumb","itemListElement":[{"@type":"ListItem","position":1,"name":"Home","item":"https:\/\/www.olenagreen.com\/"},{"@type":"ListItem","position":2,"name":"Faq"}]},{"@type":"WebSite","@id":"https:\/\/www.olenagreen.com\/#website","url":"https:\/\/www.olenagreen.com\/","name":"Olena Green","description":"100% Made in Umbria","potentialAction":[{"@type":"SearchAction","target":{"@type":"EntryPoint","urlTemplate":"https:\/\/www.olenagreen.com\/?s={search_term_string}"},"query-input":{"@type":"PropertyValueSpecification","valueRequired":true,"valueName":"search_term_string"}}],"inLanguage":"it-IT"}]}},"_links":{"self":[{"href":"https:\/\/www.olenagreen.com\/index.php\/wp-json\/wp\/v2\/pages\/3","targetHints":{"allow":["GET"]}}],"collection":[{"href":"https:\/\/www.olenagreen.com\/index.php\/wp-json\/wp\/v2\/pages"}],"about":[{"href":"https:\/\/www.olenagreen.com\/index.php\/wp-json\/wp\/v2\/types\/page"}],"author":[{"embeddable":true,"href":"https:\/\/www.olenagreen.com\/index.php\/wp-json\/wp\/v2\/users\/1"}],"replies":[{"embeddable":true,"href":"https:\/\/www.olenagreen.com\/index.php\/wp-json\/wp\/v2\/comments?post=3"}],"version-history":[{"count":2,"href":"https:\/\/www.olenagreen.com\/index.php\/wp-json\/wp\/v2\/pages\/3\/revisions"}],"predecessor-version":[{"id":1036,"href":"https:\/\/www.olenagreen.com\/index.php\/wp-json\/wp\/v2\/pages\/3\/revisions\/1036"}],"wp:attachment":[{"href":"https:\/\/www.olenagreen.com\/index.php\/wp-json\/wp\/v2\/media?parent=3"}],"curies":[{"name":"wp","href":"https:\/\/api.w.org\/{rel}","templated":true}]}}